{"id":2,"date":"2025-06-13T19:29:23","date_gmt":"2025-06-13T17:29:23","guid":{"rendered":"http:\/\/faisonsdesfilms.com\/?page_id=2"},"modified":"2025-07-21T13:10:38","modified_gmt":"2025-07-21T11:10:38","slug":"page-d-exemple","status":"publish","type":"page","link":"https:\/\/faisonsdesfilms.com\/","title":{"rendered":"Faisons des films !"},"content":{"rendered":"\n<div class=\"wp-block-cover alignfull has-ast-global-color-4-color has-text-color has-link-color wp-elements-5b624be4e6e1a225170576f5cc2c9d1a\" style=\"min-height:505px;aspect-ratio:unset;\"><img loading=\"lazy\" decoding=\"async\" width=\"1024\" height=\"683\" class=\"wp-block-cover__image-background wp-image-44 size-large\" alt=\"\" src=\"https:\/\/faisonsdesfilms.com\/wp-content\/uploads\/2025\/06\/leuchtturm-entertainment-aYDIuBWzSc4-unsplash-1024x683.jpg\" style=\"object-position:50% 50%\" data-object-fit=\"cover\" data-object-position=\"50% 50%\" srcset=\"https:\/\/faisonsdesfilms.com\/wp-content\/uploads\/2025\/06\/leuchtturm-entertainment-aYDIuBWzSc4-unsplash-1024x683.jpg 1024w, https:\/\/faisonsdesfilms.com\/wp-content\/uploads\/2025\/06\/leuchtturm-entertainment-aYDIuBWzSc4-unsplash-300x200.jpg 300w, https:\/\/faisonsdesfilms.com\/wp-content\/uploads\/2025\/06\/leuchtturm-entertainment-aYDIuBWzSc4-unsplash-768x512.jpg 768w, https:\/\/faisonsdesfilms.com\/wp-content\/uploads\/2025\/06\/leuchtturm-entertainment-aYDIuBWzSc4-unsplash-1536x1024.jpg 1536w, https:\/\/faisonsdesfilms.com\/wp-content\/uploads\/2025\/06\/leuchtturm-entertainment-aYDIuBWzSc4-unsplash-2048x1365.jpg 2048w\" sizes=\"auto, (max-width: 1024px) 100vw, 1024px\" \/><span aria-hidden=\"true\" class=\"wp-block-cover__background has-ast-global-color-2-background-color has-background-dim-70 has-background-dim\"><\/span><div class=\"wp-block-cover__inner-container is-layout-constrained wp-block-cover-is-layout-constrained\">\n<h1 class=\"wp-block-heading has-text-align-center has-ast-global-color-4-color has-text-color has-link-color has-large-font-size wp-elements-084652cb2b1bb6e9fe9a03ab50009056\">Faisons des films !<\/h1>\n\n\n\n<p class=\"has-text-align-center has-medium-font-size\">\u00ab\u00a0Faisons des films !\u00a0\u00bb est une association o\u00f9 nous partageons notre passion du cin\u00e9ma pour cr\u00e9er, produire et diffuser des films d&rsquo;auteurs, tout en mutualisant nos talents dans un esprit de bienveillance et de solidarit\u00e9.<\/p>\n\n\n\n<div class=\"wp-block-buttons is-content-justification-center is-layout-flex wp-container-core-buttons-is-layout-a89b3969 wp-block-buttons-is-layout-flex\">\n<div class=\"wp-block-button\"><a class=\"wp-block-button__link has-text-align-center wp-element-button\" href=\"mailto:contact@faisonsdesfilms.fr\">Contactez-nous<\/a><\/div>\n<\/div>\n<\/div><\/div>\n\n\n\n<div style=\"height:29px\" aria-hidden=\"true\" class=\"wp-block-spacer\"><\/div>\n\n\n\n<h2 class=\"wp-block-heading\">Qui sommes-nous<\/h2>\n\n\n\n<p>\u00ab\u00a0Faisons des films !\u00a0\u00bb est une nouvelle association de cin\u00e9ma angevine dont le but est de r\u00e9unir les comp\u00e9tences, les envies, les projets autour du 7\u00e8me art, qu&rsquo;on soit amateur, professionnel ou simplement passionn\u00e9 d&rsquo;images, de mises en sc\u00e8ne, de grands ou de petits \u00e9crans&#8230;<\/p>\n\n\n\n<p>\u00ab\u00a0Faisons des films !\u00a0\u00bb c&rsquo;est aussi, et avant tout, une d\u00e9claration d&rsquo;intention dans la plus lisible des libert\u00e9s de cr\u00e9er et avec comme \u00e9tendard, un \u00e9tat d&rsquo;esprit f\u00e9d\u00e9rateur ou tout le monde trouve sa place, ou l&rsquo;\u00e9change humain et artistique constitue notre moteur \u00e9motionnel. C&rsquo;est mettre au pluriel le d\u00e9sir de chacun avec ce point d&rsquo;exclamation comme l&rsquo;urgence d&rsquo;un id\u00e9al qui ne demande qu&rsquo;\u00e0 s&rsquo;exprimer&#8230;<\/p>\n\n\n\n<p>\u00ab\u00a0Faisons des films !\u00a0\u00bb c&rsquo;est&nbsp;r\u00eaver ensemble et trouver un langage commun sans barri\u00e8re ni hi\u00e9rarchie pour apprivoiser la technique, diriger des acteurs, ma\u00eetriser la post-production puis projeter, diffuser des films, courts ou longs, de tous les genres&#8230; <\/p>\n\n\n\n<p>\u00ab\u00a0Faisons des films !\u00a0\u00bb c&rsquo;est l&rsquo;envie de sensibiliser au plus grand nombre l&rsquo;exp\u00e9rience cin\u00e9matographique et ses nombreux domaines en favorisant&nbsp; l&rsquo;aspect p\u00e9dagogique par le fruit d&rsquo;ateliers, de tournages, de partage d&rsquo;exp\u00e9riences&#8230;<\/p>\n\n\n\n<p>\u00ab\u00a0Faisons des films !\u00a0\u00bb c&rsquo;est enfin, une autre fa\u00e7on de dire&nbsp;: \u00ab\u00a0Cr\u00e9ons du lien !\u00a0\u00bb&nbsp;. Oui,&nbsp;cr\u00e9er du lien avec l&rsquo;autre, pour que le geste artistique soit aussi un geste social, qui rassemble dans sa beaut\u00e9, son sens et sa diversit\u00e9.<\/p>\n\n\n\n<p><\/p>\n","protected":false},"excerpt":{"rendered":"<p>Qui sommes-nous \u00ab\u00a0Faisons des films !\u00a0\u00bb est une nouvelle association de cin\u00e9ma angevine dont le but est de r\u00e9unir les [&hellip;]<\/p>\n","protected":false},"author":1,"featured_media":0,"parent":0,"menu_order":0,"comment_status":"closed","ping_status":"open","template":"","meta":{"site-sidebar-layout":"default","site-content-layout":"","ast-site-content-layout":"","site-content-style":"default","site-sidebar-style":"default","ast-global-header-display":"","ast-banner-title-visibility":"","ast-main-header-display":"","ast-hfb-above-header-display":"","ast-hfb-below-header-display":"","ast-hfb-mobile-header-display":"","site-post-title":"disabled","ast-breadcrumbs-content":"","ast-featured-img":"","footer-sml-layout":"","theme-transparent-header-meta":"","adv-header-id-meta":"","stick-header-meta":"","header-above-stick-meta":"","header-main-stick-meta":"","header-below-stick-meta":"","astra-migrate-meta-layouts":"default","ast-page-background-enabled":"default","ast-page-background-meta":{"desktop":{"background-color":"var(--ast-global-color-5)","background-image":"","background-repeat":"repeat","background-position":"center center","background-size":"auto","background-attachment":"scroll","background-type":"","background-media":"","overlay-type":"","overlay-color":"","overlay-opacity":"","overlay-gradient":""},"tablet":{"background-color":"","background-image":"","background-repeat":"repeat","background-position":"center center","background-size":"auto","background-attachment":"scroll","background-type":"","background-media":"","overlay-type":"","overlay-color":"","overlay-opacity":"","overlay-gradient":""},"mobile":{"background-color":"","background-image":"","background-repeat":"repeat","background-position":"center center","background-size":"auto","background-attachment":"scroll","background-type":"","background-media":"","overlay-type":"","overlay-color":"","overlay-opacity":"","overlay-gradient":""}},"ast-content-background-meta":{"desktop":{"background-color":"var(--ast-global-color-4)","background-image":"","background-repeat":"repeat","background-position":"center center","background-size":"auto","background-attachment":"scroll","background-type":"","background-media":"","overlay-type":"","overlay-color":"","overlay-opacity":"","overlay-gradient":""},"tablet":{"background-color":"var(--ast-global-color-4)","background-image":"","background-repeat":"repeat","background-position":"center center","background-size":"auto","background-attachment":"scroll","background-type":"","background-media":"","overlay-type":"","overlay-color":"","overlay-opacity":"","overlay-gradient":""},"mobile":{"background-color":"var(--ast-global-color-4)","background-image":"","background-repeat":"repeat","background-position":"center center","background-size":"auto","background-attachment":"scroll","background-type":"","background-media":"","overlay-type":"","overlay-color":"","overlay-opacity":"","overlay-gradient":""}},"footnotes":""},"class_list":["post-2","page","type-page","status-publish","hentry"],"_links":{"self":[{"href":"https:\/\/faisonsdesfilms.com\/index.php?rest_route=\/wp\/v2\/pages\/2","targetHints":{"allow":["GET"]}}],"collection":[{"href":"https:\/\/faisonsdesfilms.com\/index.php?rest_route=\/wp\/v2\/pages"}],"about":[{"href":"https:\/\/faisonsdesfilms.com\/index.php?rest_route=\/wp\/v2\/types\/page"}],"author":[{"embeddable":true,"href":"https:\/\/faisonsdesfilms.com\/index.php?rest_route=\/wp\/v2\/users\/1"}],"replies":[{"embeddable":true,"href":"https:\/\/faisonsdesfilms.com\/index.php?rest_route=%2Fwp%2Fv2%2Fcomments&post=2"}],"version-history":[{"count":14,"href":"https:\/\/faisonsdesfilms.com\/index.php?rest_route=\/wp\/v2\/pages\/2\/revisions"}],"predecessor-version":[{"id":72,"href":"https:\/\/faisonsdesfilms.com\/index.php?rest_route=\/wp\/v2\/pages\/2\/revisions\/72"}],"wp:attachment":[{"href":"https:\/\/faisonsdesfilms.com\/index.php?rest_route=%2Fwp%2Fv2%2Fmedia&parent=2"}],"curies":[{"name":"wp","href":"https:\/\/api.w.org\/{rel}","templated":true}]}}